{"id":668,"date":"2023-08-06T19:42:12","date_gmt":"2023-08-06T18:42:12","guid":{"rendered":"https:\/\/echelle11.com\/?page_id=668"},"modified":"2023-08-06T19:44:26","modified_gmt":"2023-08-06T18:44:26","slug":"avertissement","status":"publish","type":"page","link":"https:\/\/echelle11.com\/ancien\/avertissement\/","title":{"rendered":"Avertissement"},"content":{"rendered":"\t\t<div data-elementor-type=\"wp-page\" data-elementor-id=\"668\" class=\"elementor elementor-668\" data-elementor-post-type=\"page\">\n\t\t\t\t\t\t<section class=\"elementor-section elementor-top-section elementor-element elementor-element-91dca29 elementor-section-boxed elementor-section-height-default elementor-section-height-default\" data-id=\"91dca29\" data-element_type=\"section\" data-e-type=\"section\">\n\t\t\t\t\t\t<div class=\"elementor-container elementor-column-gap-default\">\n\t\t\t\t\t<div class=\"elementor-column elementor-col-100 elementor-top-column elementor-element elementor-element-d822a33\" data-id=\"d822a33\" data-element_type=\"column\" data-e-type=\"column\">\n\t\t\t<div class=\"elementor-widget-wrap elementor-element-populated\">\n\t\t\t\t\t\t<div class=\"elementor-element elementor-element-1df678f elementor-widget elementor-widget-text-editor\" data-id=\"1df678f\" data-element_type=\"widget\" data-e-type=\"widget\" data-widget_type=\"text-editor.default\">\n\t\t\t\t<div class=\"elementor-widget-container\">\n\t\t\t\t\t\t\t\t\t<h1><span style=\"text-decoration: underline;\">Avertissement (Disclaimer) pour Echelle11.com<\/span><\/h1><h2><strong>1. Contenu du site:<\/strong><\/h2><p>Le contenu pr\u00e9sent\u00e9 sur Echelle11.com est fourni \u00e0 titre informatif uniquement. Bien que nous nous efforcions de fournir des informations pr\u00e9cises et \u00e0 jour, nous ne pouvons garantir l&rsquo;exactitude, la compl\u00e9tude ou la pertinence des informations \u00e0 un moment donn\u00e9. L&rsquo;utilisation des informations fournies est \u00e0 la discr\u00e9tion de l&rsquo;utilisateur et Echelle11.com ne peut \u00eatre tenu responsable de toute d\u00e9cision ou action prise sur la base de ces informations.<\/p><h2>2. Liens externes:<\/h2><p>Echelle11.com peut contenir des liens vers des sites web tiers. Ces liens sont fournis pour la commodit\u00e9 des utilisateurs. Nous ne sommes pas responsables du contenu ou des politiques de confidentialit\u00e9 des sites tiers. La pr\u00e9sence de liens vers des sites tiers ne signifie pas que nous les approuvons ou que nous sommes affili\u00e9s \u00e0 eux.<\/p><h2>3. Publicit\u00e9s et Google AdSense:<\/h2><p>Pour soutenir notre site, nous affichons des annonces provenant de partenaires tiers, dont Google. Google AdSense utilise des cookies pour aider \u00e0 afficher les annonces les plus pertinentes pour les utilisateurs. En utilisant notre site, vous consentez \u00e0 l&rsquo;utilisation de ces cookies par Google. Vous pouvez en savoir plus sur la mani\u00e8re dont Google utilise les informations de ces cookies en visitant la page de confidentialit\u00e9 de Google Ads.<\/p><h2>4. Aucune garantie:<\/h2><p>Echelle11.com et son contenu sont fournis \u00ab\u00a0tels quels\u00a0\u00bb sans garantie d&rsquo;aucune sorte, explicite ou implicite. Nous ne garantissons pas que le site r\u00e9pondra \u00e0 vos besoins ou que son fonctionnement sera ininterrompu, ponctuel, s\u00fbr ou sans erreur.<\/p><h2>5. Responsabilit\u00e9:<\/h2><p>Echelle11.com, ses auteurs ou toute autre partie impliqu\u00e9e dans la cr\u00e9ation, la production ou la livraison du site ne sauraient \u00eatre tenus responsables de tout dommage, direct ou indirect, cons\u00e9cutif ou autre, r\u00e9sultant de l&rsquo;utilisation ou de l&rsquo;impossibilit\u00e9 d&rsquo;utiliser le contenu du site.<\/p><h2>6. Modifications:<\/h2><p>Echelle11.com se r\u00e9serve le droit de modifier ce disclaimer \u00e0 tout moment. Les modifications entreront en vigueur d\u00e8s leur publication sur le site. Les utilisateurs sont encourag\u00e9s \u00e0 consulter r\u00e9guli\u00e8rement cet avertissement pour se tenir inform\u00e9s de tout changement.<\/p>\t\t\t\t\t\t\t\t<\/div>\n\t\t\t\t<\/div>\n\t\t\t\t\t<\/div>\n\t\t<\/div>\n\t\t\t\t\t<\/div>\n\t\t<\/section>\n\t\t\t\t<\/div>\n\t\t","protected":false},"excerpt":{"rendered":"<p>Avertissement (Disclaimer) pour Echelle11.com 1. Contenu du site: Le contenu pr\u00e9sent\u00e9 sur Echelle11.com est fourni \u00e0 titre informatif uniquement. Bien que nous nous efforcions de fournir des informations pr\u00e9cises et \u00e0 jour, nous ne pouvons garantir l&rsquo;exactitude, la compl\u00e9tude ou la pertinence des informations \u00e0 un moment donn\u00e9. L&rsquo;utilisation des informations fournies est \u00e0 la [&hellip;]<\/p>\n","protected":false},"author":1,"featured_media":0,"parent":0,"menu_order":0,"comment_status":"closed","ping_status":"closed","template":"","meta":{"pmpro_default_level":"","postBodyCss":"","postBodyMargin":[],"postBodyPadding":[],"postBodyBackground":{"backgroundType":"classic","gradient":""},"enableOnePageScrollInPage":false,"onePageScrollSpeed":1000,"onePageScrollAnimation":"easeInOutQuad","onePageScrollShowDotNavigation":true,"onePageScrollNavigation":"scaleUp","onePageScrollNavigationPosition":"right","onePageScrollNavigationHorizontal":[],"onePageScrollNavigationVertical":[],"onePageScrollNavigationSpacing":[],"onePageScrollNavigationColor":"#00ff0d","onePageScrollNavigationColorHover":"#00ff0d","onePageScrollNavigationColorActive":"#00ff0d","onePageScrollNavigationIcon":[],"onePageScrollNavigationWidth":[],"onePageScrollNavigationWidthHover":[],"onePageScrollNavigationWidthActive":[],"onePageScrollNavigationHeight":[],"onePageScrollNavigationHeightHover":[],"onePageScrollNavigationHeightActive":[],"onePageScrollNavigationBorder":[],"onePageScrollNavigationBorderHover":[],"onePageScrollNavigationBorderActive":[],"onePageScrollNavigationBorderRadius":[],"onePageScrollNavigationBorderRadiusHover":[],"onePageScrollNavigationBorderRadiusActive":[],"onePageScrollNavigationTooltipTypography":[],"onePageScrollNavigationTooltipColor":"#ffffff","onePageScrollNavigationTooltipColorHover":"","onePageScrollNavigationTooltipBgColor":"#00ff0d","onePageScrollNavigationTooltipBgColorHover":"","onePageScrollNavigationTooltipPadding":[],"onePageScrollNavigationTooltipPaddingHover":[],"onePageScrollNavigationTooltipBorderRadius":[],"onePageScrollNavigationTooltipBorderRadiusHover":[],"pageSettingsCustomCss":"","site-sidebar-layout":"no-sidebar","site-content-layout":"page-builder","ast-site-content-layout":"","site-content-style":"default","site-sidebar-style":"default","ast-global-header-display":"","ast-banner-title-visibility":"","ast-main-header-display":"","ast-hfb-above-header-display":"","ast-hfb-below-header-display":"","ast-hfb-mobile-header-display":"","site-post-title":"disabled","ast-breadcrumbs-content":"","ast-featured-img":"disabled","footer-sml-layout":"","theme-transparent-header-meta":"","adv-header-id-meta":"","stick-header-meta":"","header-above-stick-meta":"","header-main-stick-meta":"","header-below-stick-meta":"","astra-migrate-meta-layouts":"default","ast-page-background-enabled":"default","ast-page-background-meta":{"desktop":{"background-color":"var(--ast-global-color-4)","background-image":"","background-repeat":"repeat","background-position":"center center","background-size":"auto","background-attachment":"scroll","background-type":"","background-media":"","overlay-type":"","overlay-color":"","overlay-opacity":"","overlay-gradient":""},"tablet":{"background-color":"","background-image":"","background-repeat":"repeat","background-position":"center center","background-size":"auto","background-attachment":"scroll","background-type":"","background-media":"","overlay-type":"","overlay-color":"","overlay-opacity":"","overlay-gradient":""},"mobile":{"background-color":"","background-image":"","background-repeat":"repeat","background-position":"center center","background-size":"auto","background-attachment":"scroll","background-type":"","background-media":"","overlay-type":"","overlay-color":"","overlay-opacity":"","overlay-gradient":""}},"ast-content-background-meta":{"desktop":{"background-color":"var(--ast-global-color-5)","background-image":"","background-repeat":"repeat","background-position":"center center","background-size":"auto","background-attachment":"scroll","background-type":"","background-media":"","overlay-type":"","overlay-color":"","overlay-opacity":"","overlay-gradient":""},"tablet":{"background-color":"var(--ast-global-color-5)","background-image":"","background-repeat":"repeat","background-position":"center center","background-size":"auto","background-attachment":"scroll","background-type":"","background-media":"","overlay-type":"","overlay-color":"","overlay-opacity":"","overlay-gradient":""},"mobile":{"background-color":"var(--ast-global-color-5)","background-image":"","background-repeat":"repeat","background-position":"center center","background-size":"auto","background-attachment":"scroll","background-type":"","background-media":"","overlay-type":"","overlay-color":"","overlay-opacity":"","overlay-gradient":""}},"footnotes":""},"class_list":["post-668","page","type-page","status-publish","hentry","pmpro-has-access"],"_links":{"self":[{"href":"https:\/\/echelle11.com\/ancien\/wp-json\/wp\/v2\/pages\/668","targetHints":{"allow":["GET"]}}],"collection":[{"href":"https:\/\/echelle11.com\/ancien\/wp-json\/wp\/v2\/pages"}],"about":[{"href":"https:\/\/echelle11.com\/ancien\/wp-json\/wp\/v2\/types\/page"}],"author":[{"embeddable":true,"href":"https:\/\/echelle11.com\/ancien\/wp-json\/wp\/v2\/users\/1"}],"replies":[{"embeddable":true,"href":"https:\/\/echelle11.com\/ancien\/wp-json\/wp\/v2\/comments?post=668"}],"version-history":[{"count":4,"href":"https:\/\/echelle11.com\/ancien\/wp-json\/wp\/v2\/pages\/668\/revisions"}],"predecessor-version":[{"id":672,"href":"https:\/\/echelle11.com\/ancien\/wp-json\/wp\/v2\/pages\/668\/revisions\/672"}],"wp:attachment":[{"href":"https:\/\/echelle11.com\/ancien\/wp-json\/wp\/v2\/media?parent=668"}],"curies":[{"name":"wp","href":"https:\/\/api.w.org\/{rel}","templated":true}]}}